{"id":991,"date":"2020-10-03T16:35:07","date_gmt":"2020-10-03T14:35:07","guid":{"rendered":"https:\/\/www.sprachschule-aktiv-kaiserslautern.de\/anmeldung-fur-sprachkurse\/"},"modified":"2020-12-23T11:43:01","modified_gmt":"2020-12-23T10:43:01","slug":"enregistrement","status":"publish","type":"page","link":"https:\/\/www.sprachschule-aktiv-kaiserslautern.de\/fr\/enregistrement\/","title":{"rendered":"Inscription aux cours de langue"},"content":{"rendered":"<p>[vc_row][vc_column][vc_column_text]<\/p>\n<h2 style=\"text-align: center;\">Inscription &#8211; Apprenez l&#8217;allemand et jusqu&#8217;\u00e0 40 langues \u00e9trang\u00e8res<\/h2>\n<p>[\/vc_column_text][\/vc_column][\/vc_row][vc_row][vc_column][vc_column_text]\n<div class=\"wpcf7 no-js\" id=\"wpcf7-f993-o1\" lang=\"es-ES\" dir=\"ltr\" data-wpcf7-id=\"993\">\n<div class=\"screen-reader-response\"><p role=\"status\" aria-live=\"polite\" aria-atomic=\"true\"><\/p> <ul><\/ul><\/div>\n<form action=\"\/fr\/wp-json\/wp\/v2\/pages\/991#wpcf7-f993-o1\" method=\"post\" class=\"wpcf7-form init wpcf7-acceptance-as-validation\" aria-label=\"Formulario de contacto\" novalidate=\"novalidate\" data-status=\"init\">\n<fieldset class=\"hidden-fields-container\"><input type=\"hidden\" name=\"_wpcf7\" value=\"993\" \/><input type=\"hidden\" name=\"_wpcf7_version\" value=\"6.1.5\" \/><input type=\"hidden\" name=\"_wpcf7_locale\" value=\"es_ES\" \/><input type=\"hidden\" name=\"_wpcf7_unit_tag\" value=\"wpcf7-f993-o1\" \/><input type=\"hidden\" name=\"_wpcf7_container_post\" value=\"0\" \/><input type=\"hidden\" name=\"_wpcf7_posted_data_hash\" value=\"\" \/><input type=\"hidden\" name=\"_wpcf7_recaptcha_response\" value=\"\" \/>\n<\/fieldset>\n<p>Le sexe*\n<\/p>\n<p><span class=\"wpcf7-form-control-wrap\" data-name=\"anrede\"><select class=\"wpcf7-form-control wpcf7-select\" aria-invalid=\"false\" name=\"anrede\"><option value=\"\">&#8212;Por favor, elige una opci\u00f3n&#8212;<\/option><option value=\"Femme\">Femme<\/option><option value=\"Homme\">Homme<\/option><\/select><\/span>\n<\/p>\n<p>Entreprise: <span class=\"wpcf7-form-control-wrap\" data-name=\"Firma\"><input size=\"40\" maxlength=\"400\" class=\"wpcf7-form-control wpcf7-text\" aria-invalid=\"false\" value=\"\" type=\"text\" name=\"Firma\" \/><\/span>\n<\/p>\n<p>Nom*: <span class=\"wpcf7-form-control-wrap\" data-name=\"Vorname\"><input size=\"40\" maxlength=\"400\" class=\"wpcf7-form-control wpcf7-text wpcf7-validates-as-required\" aria-required=\"true\" aria-invalid=\"false\" value=\"\" type=\"text\" name=\"Vorname\" \/><\/span>\n<\/p>\n<p>Noms de famille*: <span class=\"wpcf7-form-control-wrap\" data-name=\"Nachname\"><input size=\"40\" maxlength=\"400\" class=\"wpcf7-form-control wpcf7-text wpcf7-validates-as-required\" aria-required=\"true\" aria-invalid=\"false\" value=\"\" type=\"text\" name=\"Nachname\" \/><\/span>\n<\/p>\n<p>Adresse*: <span class=\"wpcf7-form-control-wrap\" data-name=\"Adresse\"><input size=\"40\" maxlength=\"400\" class=\"wpcf7-form-control wpcf7-text wpcf7-validates-as-required\" aria-required=\"true\" aria-invalid=\"false\" value=\"\" type=\"text\" name=\"Adresse\" \/><\/span>\n<\/p>\n<p>Code postal \/ Ville: <span class=\"wpcf7-form-control-wrap\" data-name=\"PLZ\"><input size=\"40\" maxlength=\"400\" class=\"wpcf7-form-control wpcf7-text wpcf7-validates-as-required\" aria-required=\"true\" aria-invalid=\"false\" value=\"\" type=\"text\" name=\"PLZ\" \/><\/span>\n<\/p>\n<p>T\u00e9l\u00e9phone*: <span class=\"wpcf7-form-control-wrap\" data-name=\"Telefon\"><input size=\"40\" maxlength=\"400\" class=\"wpcf7-form-control wpcf7-text wpcf7-validates-as-required\" aria-required=\"true\" aria-invalid=\"false\" value=\"\" type=\"text\" name=\"Telefon\" \/><\/span>\n<\/p>\n<p>E-mail*: <span class=\"wpcf7-form-control-wrap\" data-name=\"Email\"><input size=\"40\" maxlength=\"400\" class=\"wpcf7-form-control wpcf7-email wpcf7-validates-as-required wpcf7-text wpcf7-validates-as-email medium\" aria-required=\"true\" aria-invalid=\"false\" value=\"\" type=\"email\" name=\"Email\" \/><\/span>\n<\/p>\n<p><B>Informations sur les cours: <\/b>\n<\/p>\n<p>Quelle langue souhaitez-vous apprendre?* : <span class=\"wpcf7-form-control-wrap\" data-name=\"Sprache\"><input size=\"40\" maxlength=\"400\" class=\"wpcf7-form-control wpcf7-text wpcf7-validates-as-required\" aria-required=\"true\" aria-invalid=\"false\" placeholder=\"par exemple. Allemand, anglais, espagnol\" value=\"\" type=\"text\" name=\"Sprache\" \/><\/span>\n<\/p>\n<p>Niveau*: <span class=\"wpcf7-form-control-wrap\" data-name=\"niveau\"><select class=\"wpcf7-form-control wpcf7-select wpcf7-validates-as-required\" aria-required=\"true\" aria-invalid=\"false\" name=\"niveau\"><option value=\"A1 (D\u00e9butant)\">A1 (D\u00e9butant)<\/option><option value=\"A2 (\u00c9l\u00e9mentaire)\">A2 (\u00c9l\u00e9mentaire)<\/option><option value=\"B1 (Interm\u00e9diaire)\">B1 (Interm\u00e9diaire)<\/option><option value=\"B2 (Vantage \/ Bon Interm\u00e9diaire)\">B2 (Vantage \/ Bon Interm\u00e9diaire)<\/option><option value=\"C1 (Avanc\u00e9)\">C1 (Avanc\u00e9)<\/option><option value=\"C2 (Comp\u00e9tence \/ Excellent)\">C2 (Comp\u00e9tence \/ Excellent)<\/option><\/select><\/span>\n<\/p>\n<p>D\u00e9but du cours*: <span class=\"wpcf7-form-control-wrap\" data-name=\"Kursbeginn\"><input class=\"wpcf7-form-control wpcf7-date wpcf7-validates-as-required wpcf7-validates-as-date\" aria-required=\"true\" aria-invalid=\"false\" value=\"\" type=\"date\" name=\"Kursbeginn\" \/><\/span>\n<\/p>\n<p>Dur\u00e9e du cours*: <span class=\"wpcf7-form-control-wrap\" data-name=\"dauer\"><input size=\"40\" maxlength=\"400\" class=\"wpcf7-form-control wpcf7-text wpcf7-validates-as-required\" aria-required=\"true\" aria-invalid=\"false\" placeholder=\"par exemple. 4 semaines pour un cours intensif\" value=\"\" type=\"text\" name=\"dauer\" \/><\/span>\n<\/p>\n<p>Nombre d'heures souhait\u00e9: <span class=\"wpcf7-form-control-wrap\" data-name=\"Stundenzahl\"><input size=\"40\" maxlength=\"400\" class=\"wpcf7-form-control wpcf7-text\" aria-invalid=\"false\" value=\"\" type=\"text\" name=\"Stundenzahl\" \/><\/span>\n<\/p>\n<p><B>Paiement: <\/b>\n<\/p>\n<p>M\u00e9thodes de payement: <span class=\"wpcf7-form-control-wrap\" data-name=\"Zahlung\"><select class=\"wpcf7-form-control wpcf7-select wpcf7-validates-as-required\" aria-required=\"true\" aria-invalid=\"false\" name=\"Zahlung\"><option value=\"\">&#8212;Por favor, elige una opci\u00f3n&#8212;<\/option><option value=\"Virement bancaire\">Virement bancaire<\/option><option value=\"Carte de cr\u00e9dit\">Carte de cr\u00e9dit<\/option><option value=\"PayPal\">PayPal<\/option><\/select><\/span>\n<\/p>\n<p><B>Bemerkungen, Hinweise<\/b>\n<\/p>\n<p><span class=\"wpcf7-form-control-wrap\" data-name=\"Bemerkungen\"><textarea cols=\"40\" rows=\"10\" maxlength=\"2000\" class=\"wpcf7-form-control wpcf7-textarea\" aria-invalid=\"false\" name=\"Bemerkungen\"><\/textarea><\/span>\n<\/p>\n<div style=\"\">\n\t<p><span class=\"wpcf7-form-control-wrap\" data-name=\"agb\"><span class=\"wpcf7-form-control wpcf7-acceptance\"><span class=\"wpcf7-list-item\"><input type=\"checkbox\" name=\"agb\" value=\"1\" aria-invalid=\"false\" \/><\/span><\/span><\/span> (*) J'ai lu et j'accepte les <a href=\"https:\/\/www.sprachschule-aktiv-kaiserslautern.de\/allgemeine-geschaftsbedingungen\/\" target=\"_blank\">conditions l\u00e9gales<\/a> et la <a href=\"https:\/\/www.sprachschule-aktiv-kaiserslautern.de\/datenschutzerklarung\/\" target=\"_blank\">politique de confidentialit\u00e9 des donn\u00e9es<\/a>.\n\t<\/p>\n<\/div>\n<p><input class=\"wpcf7-form-control wpcf7-submit has-spinner\" type=\"submit\" value=\"Commande payante\" \/>\n<\/p><div class=\"wpcf7-response-output\" aria-hidden=\"true\"><\/div>\n<\/form>\n<\/div>\n[\/vc_column_text][\/vc_column][\/vc_row]<\/p>\n","protected":false},"excerpt":{"rendered":"<p>[vc_row][vc_column][vc_column_text] Inscription &#8211; Apprenez l&#8217;allemand et jusqu&#8217;\u00e0 40 langues \u00e9trang\u00e8res [\/vc_column_text][\/vc_column][\/vc_row][vc_row][vc_column][vc_column_text][\/vc_column_text][\/vc_column][\/vc_row]<\/p>\n","protected":false},"author":1,"featured_media":0,"parent":0,"menu_order":0,"comment_status":"closed","ping_status":"closed","template":"","meta":{"footnotes":""},"class_list":["post-991","page","type-page","status-publish","hentry"],"yoast_head":"<!-- This site is optimized with the Yoast SEO plugin v27.2 - https:\/\/yoast.com\/product\/yoast-seo-wordpress\/ -->\n<title>Inscription \u00e0 nos cours de langues \u00e0 Kaiserslautern<\/title>\n<meta name=\"description\" content=\"Sur cette page, vous pouvez vous inscrire \u00e0 un cours de langue. Formulaire d&#039;inscription aux cours de langue \u00e0 l&#039;\u00e9cole de langues Aktiv Kaiserslautern.\" \/>\n<meta name=\"robots\" content=\"index, follow, max-snippet:-1, max-image-preview:large, max-video-preview:-1\" \/>\n<link rel=\"canonical\" href=\"https:\/\/www.sprachschule-aktiv-kaiserslautern.de\/fr\/enregistrement\/\" \/>\n<meta property=\"og:locale\" content=\"fr_FR\" \/>\n<meta property=\"og:type\" content=\"article\" \/>\n<meta property=\"og:title\" content=\"Inscription \u00e0 nos cours de langues \u00e0 Kaiserslautern\" \/>\n<meta property=\"og:description\" content=\"Sur cette page, vous pouvez vous inscrire \u00e0 un cours de langue. Formulaire d&#039;inscription aux cours de langue \u00e0 l&#039;\u00e9cole de langues Aktiv Kaiserslautern.\" \/>\n<meta property=\"og:url\" content=\"https:\/\/www.sprachschule-aktiv-kaiserslautern.de\/fr\/enregistrement\/\" \/>\n<meta property=\"article:modified_time\" content=\"2020-12-23T10:43:01+00:00\" \/>\n<meta name=\"twitter:card\" content=\"summary_large_image\" \/>\n<script type=\"application\/ld+json\" class=\"yoast-schema-graph\">{\"@context\":\"https:\/\/schema.org\",\"@graph\":[{\"@type\":\"WebPage\",\"@id\":\"https:\/\/www.sprachschule-aktiv-kaiserslautern.de\/fr\/enregistrement\/\",\"url\":\"https:\/\/www.sprachschule-aktiv-kaiserslautern.de\/fr\/enregistrement\/\",\"name\":\"Inscription \u00e0 nos cours de langues \u00e0 Kaiserslautern\",\"isPartOf\":{\"@id\":\"https:\/\/www.sprachschule-aktiv-kaiserslautern.de\/#website\"},\"datePublished\":\"2020-10-03T14:35:07+00:00\",\"dateModified\":\"2020-12-23T10:43:01+00:00\",\"description\":\"Sur cette page, vous pouvez vous inscrire \u00e0 un cours de langue. Formulaire d'inscription aux cours de langue \u00e0 l'\u00e9cole de langues Aktiv Kaiserslautern.\",\"breadcrumb\":{\"@id\":\"https:\/\/www.sprachschule-aktiv-kaiserslautern.de\/fr\/enregistrement\/#breadcrumb\"},\"inLanguage\":\"fr-FR\",\"potentialAction\":[{\"@type\":\"ReadAction\",\"target\":[\"https:\/\/www.sprachschule-aktiv-kaiserslautern.de\/fr\/enregistrement\/\"]}]},{\"@type\":\"BreadcrumbList\",\"@id\":\"https:\/\/www.sprachschule-aktiv-kaiserslautern.de\/fr\/enregistrement\/#breadcrumb\",\"itemListElement\":[{\"@type\":\"ListItem\",\"position\":1,\"name\":\"Portada\",\"item\":\"https:\/\/www.sprachschule-aktiv-kaiserslautern.de\/fr\/\"},{\"@type\":\"ListItem\",\"position\":2,\"name\":\"Inscription aux cours de langue\"}]},{\"@type\":\"WebSite\",\"@id\":\"https:\/\/www.sprachschule-aktiv-kaiserslautern.de\/#website\",\"url\":\"https:\/\/www.sprachschule-aktiv-kaiserslautern.de\/\",\"name\":\"\",\"description\":\"\",\"potentialAction\":[{\"@type\":\"SearchAction\",\"target\":{\"@type\":\"EntryPoint\",\"urlTemplate\":\"https:\/\/www.sprachschule-aktiv-kaiserslautern.de\/?s={search_term_string}\"},\"query-input\":{\"@type\":\"PropertyValueSpecification\",\"valueRequired\":true,\"valueName\":\"search_term_string\"}}],\"inLanguage\":\"fr-FR\"}]}<\/script>\n<!-- \/ Yoast SEO plugin. -->","yoast_head_json":{"title":"Inscription \u00e0 nos cours de langues \u00e0 Kaiserslautern","description":"Sur cette page, vous pouvez vous inscrire \u00e0 un cours de langue. Formulaire d'inscription aux cours de langue \u00e0 l'\u00e9cole de langues Aktiv Kaiserslautern.","robots":{"index":"index","follow":"follow","max-snippet":"max-snippet:-1","max-image-preview":"max-image-preview:large","max-video-preview":"max-video-preview:-1"},"canonical":"https:\/\/www.sprachschule-aktiv-kaiserslautern.de\/fr\/enregistrement\/","og_locale":"fr_FR","og_type":"article","og_title":"Inscription \u00e0 nos cours de langues \u00e0 Kaiserslautern","og_description":"Sur cette page, vous pouvez vous inscrire \u00e0 un cours de langue. Formulaire d'inscription aux cours de langue \u00e0 l'\u00e9cole de langues Aktiv Kaiserslautern.","og_url":"https:\/\/www.sprachschule-aktiv-kaiserslautern.de\/fr\/enregistrement\/","article_modified_time":"2020-12-23T10:43:01+00:00","twitter_card":"summary_large_image","schema":{"@context":"https:\/\/schema.org","@graph":[{"@type":"WebPage","@id":"https:\/\/www.sprachschule-aktiv-kaiserslautern.de\/fr\/enregistrement\/","url":"https:\/\/www.sprachschule-aktiv-kaiserslautern.de\/fr\/enregistrement\/","name":"Inscription \u00e0 nos cours de langues \u00e0 Kaiserslautern","isPartOf":{"@id":"https:\/\/www.sprachschule-aktiv-kaiserslautern.de\/#website"},"datePublished":"2020-10-03T14:35:07+00:00","dateModified":"2020-12-23T10:43:01+00:00","description":"Sur cette page, vous pouvez vous inscrire \u00e0 un cours de langue. Formulaire d'inscription aux cours de langue \u00e0 l'\u00e9cole de langues Aktiv Kaiserslautern.","breadcrumb":{"@id":"https:\/\/www.sprachschule-aktiv-kaiserslautern.de\/fr\/enregistrement\/#breadcrumb"},"inLanguage":"fr-FR","potentialAction":[{"@type":"ReadAction","target":["https:\/\/www.sprachschule-aktiv-kaiserslautern.de\/fr\/enregistrement\/"]}]},{"@type":"BreadcrumbList","@id":"https:\/\/www.sprachschule-aktiv-kaiserslautern.de\/fr\/enregistrement\/#breadcrumb","itemListElement":[{"@type":"ListItem","position":1,"name":"Portada","item":"https:\/\/www.sprachschule-aktiv-kaiserslautern.de\/fr\/"},{"@type":"ListItem","position":2,"name":"Inscription aux cours de langue"}]},{"@type":"WebSite","@id":"https:\/\/www.sprachschule-aktiv-kaiserslautern.de\/#website","url":"https:\/\/www.sprachschule-aktiv-kaiserslautern.de\/","name":"","description":"","potentialAction":[{"@type":"SearchAction","target":{"@type":"EntryPoint","urlTemplate":"https:\/\/www.sprachschule-aktiv-kaiserslautern.de\/?s={search_term_string}"},"query-input":{"@type":"PropertyValueSpecification","valueRequired":true,"valueName":"search_term_string"}}],"inLanguage":"fr-FR"}]}},"_links":{"self":[{"href":"https:\/\/www.sprachschule-aktiv-kaiserslautern.de\/fr\/wp-json\/wp\/v2\/pages\/991","targetHints":{"allow":["GET"]}}],"collection":[{"href":"https:\/\/www.sprachschule-aktiv-kaiserslautern.de\/fr\/wp-json\/wp\/v2\/pages"}],"about":[{"href":"https:\/\/www.sprachschule-aktiv-kaiserslautern.de\/fr\/wp-json\/wp\/v2\/types\/page"}],"author":[{"embeddable":true,"href":"https:\/\/www.sprachschule-aktiv-kaiserslautern.de\/fr\/wp-json\/wp\/v2\/users\/1"}],"replies":[{"embeddable":true,"href":"https:\/\/www.sprachschule-aktiv-kaiserslautern.de\/fr\/wp-json\/wp\/v2\/comments?post=991"}],"version-history":[{"count":3,"href":"https:\/\/www.sprachschule-aktiv-kaiserslautern.de\/fr\/wp-json\/wp\/v2\/pages\/991\/revisions"}],"predecessor-version":[{"id":995,"href":"https:\/\/www.sprachschule-aktiv-kaiserslautern.de\/fr\/wp-json\/wp\/v2\/pages\/991\/revisions\/995"}],"wp:attachment":[{"href":"https:\/\/www.sprachschule-aktiv-kaiserslautern.de\/fr\/wp-json\/wp\/v2\/media?parent=991"}],"curies":[{"name":"wp","href":"https:\/\/api.w.org\/{rel}","templated":true}]}}