{"id":984,"date":"2020-10-03T13:29:30","date_gmt":"2020-10-03T11:29:30","guid":{"rendered":"https:\/\/www.sprachschule-aktiv-kaiserslautern.de\/kontaktformular-sprachschule-aktiv-kaiserslautern\/"},"modified":"2021-10-14T08:19:02","modified_gmt":"2021-10-14T06:19:02","slug":"contactez-nous","status":"publish","type":"page","link":"https:\/\/www.sprachschule-aktiv-kaiserslautern.de\/fr\/contactez-nous\/","title":{"rendered":"Formulaire de contact &#8211; Sprachschule Aktiv Kaiserslautern"},"content":{"rendered":"<p>[vc_row css=&#8221;.vc_custom_1601720229418{margin-top: 50px !important;}&#8221;][vc_column][vc_column_text]<\/p>\n<h2 style=\"text-align: center;\">S\u00e9lection de cours diversifi\u00e9e &#8211; dirig\u00e9e par des professeurs de langue maternelle<\/h2>\n<p>[\/vc_column_text][\/vc_column][\/vc_row][vc_row css=&#8221;.vc_custom_1601725129269{margin-top: 40px !important;}&#8221;][vc_column width=&#8221;1\/3&#8243;][vc_icon icon_fontawesome=&#8221;fas fa-map-marker-alt&#8221; color=&#8221;juicy_pink&#8221; background_style=&#8221;boxed&#8221; size=&#8221;lg&#8221; align=&#8221;center&#8221;][vc_column_text css=&#8221;.vc_custom_1608044774845{margin-top: 0px !important;}&#8221;]<\/p>\n<p style=\"text-align: center;\"><span style=\"font-size: 25px; text-align: center; font-weight: 600;\">Adresse<\/span><\/p>\n<p style=\"text-align: center;\">Pariser Stra\u00dfe 62, 67655 Kaiserslautern<\/p>\n<p>[\/vc_column_text][\/vc_column][vc_column width=&#8221;1\/3&#8243;][vc_icon icon_fontawesome=&#8221;fas fa-phone-alt&#8221; color=&#8221;juicy_pink&#8221; background_style=&#8221;boxed&#8221; size=&#8221;lg&#8221; align=&#8221;center&#8221;][vc_column_text css=&#8221;.vc_custom_1634192338947{margin-top: 0px !important;}&#8221;]<\/p>\n<p style=\"text-align: center;\"><span style=\"font-size: 25px; text-align: center; font-weight: 600;\">T\u00e9l\u00e9phone \/ WhatsApp<\/span><\/p>\n<p style=\"text-align: center;\">+49 1512 3982453<\/p>\n<p>\u00a0[\/vc_column_text][\/vc_column][vc_column width=&#8221;1\/3&#8243;][vc_icon icon_fontawesome=&#8221;fas fa-at&#8221; color=&#8221;juicy_pink&#8221; background_style=&#8221;boxed&#8221; size=&#8221;lg&#8221; align=&#8221;center&#8221;][vc_column_text css=&#8221;.vc_custom_1601723708560{margin-top: 0px !important;}&#8221;]<\/p>\n<p style=\"text-align: center;\"><span style=\"font-size: 25px; text-align: center; font-weight: 600;\">E-mail<\/span><\/p>\n<p style=\"text-align: center;\">info@sprachschule-aktiv-kaiserslautern.de<\/p>\n<p>[\/vc_column_text][\/vc_column][\/vc_row][vc_row css=&#8221;.vc_custom_1601723769447{margin-top: 30px !important;}&#8221;][vc_column][vc_column_text]\n<div class=\"wpcf7 no-js\" id=\"wpcf7-f987-o1\" lang=\"es-ES\" dir=\"ltr\" data-wpcf7-id=\"987\">\n<div class=\"screen-reader-response\"><p role=\"status\" aria-live=\"polite\" aria-atomic=\"true\"><\/p> <ul><\/ul><\/div>\n<form action=\"\/fr\/wp-json\/wp\/v2\/pages\/984#wpcf7-f987-o1\" method=\"post\" class=\"wpcf7-form init wpcf7-acceptance-as-validation\" aria-label=\"Formulario de contacto\" novalidate=\"novalidate\" data-status=\"init\">\n<fieldset class=\"hidden-fields-container\"><input type=\"hidden\" name=\"_wpcf7\" value=\"987\" \/><input type=\"hidden\" name=\"_wpcf7_version\" value=\"6.1.5\" \/><input type=\"hidden\" name=\"_wpcf7_locale\" value=\"es_ES\" \/><input type=\"hidden\" name=\"_wpcf7_unit_tag\" value=\"wpcf7-f987-o1\" \/><input type=\"hidden\" name=\"_wpcf7_container_post\" value=\"0\" \/><input type=\"hidden\" name=\"_wpcf7_posted_data_hash\" value=\"\" \/><input type=\"hidden\" name=\"_wpcf7_recaptcha_response\" value=\"\" \/>\n<\/fieldset>\n<p>Entreprise: <span class=\"wpcf7-form-control-wrap\" data-name=\"Firma\"><input size=\"40\" maxlength=\"400\" class=\"wpcf7-form-control wpcf7-text fullwidth\" aria-invalid=\"false\" value=\"\" type=\"text\" name=\"Firma\" \/><\/span>\n<\/p>\n<p>Pr\u00e9nom*: <span class=\"wpcf7-form-control-wrap\" data-name=\"Vorname\"><input size=\"40\" maxlength=\"400\" class=\"wpcf7-form-control wpcf7-text wpcf7-validates-as-required fullwidth\" aria-required=\"true\" aria-invalid=\"false\" value=\"\" type=\"text\" name=\"Vorname\" \/><\/span>\n<\/p>\n<p>Nom de famille*: <span class=\"wpcf7-form-control-wrap\" data-name=\"Nachname\"><input size=\"40\" maxlength=\"400\" class=\"wpcf7-form-control wpcf7-text wpcf7-validates-as-required fullwidth\" aria-required=\"true\" aria-invalid=\"false\" value=\"\" type=\"text\" name=\"Nachname\" \/><\/span>\n<\/p>\n<p>E-mail*: <span class=\"wpcf7-form-control-wrap\" data-name=\"email\"><input size=\"40\" maxlength=\"400\" class=\"wpcf7-form-control wpcf7-email wpcf7-validates-as-required wpcf7-text wpcf7-validates-as-email fullwidth\" aria-required=\"true\" aria-invalid=\"false\" value=\"\" type=\"email\" name=\"email\" \/><\/span>\n<\/p>\n<p>T\u00e9l\u00e9phone*: <span class=\"wpcf7-form-control-wrap\" data-name=\"Telefon\"><input size=\"40\" maxlength=\"400\" class=\"wpcf7-form-control wpcf7-text wpcf7-validates-as-required fullwidth\" aria-required=\"true\" aria-invalid=\"false\" value=\"\" type=\"text\" name=\"Telefon\" \/><\/span>\n<\/p>\n<p>Ta question: <span class=\"wpcf7-form-control-wrap\" data-name=\"message\"><textarea cols=\"200\" rows=\"7\" maxlength=\"2000\" class=\"wpcf7-form-control wpcf7-textarea\" aria-invalid=\"false\" name=\"message\"><\/textarea><\/span>\n<\/p>\n<div style=\"\">\n\t<p><span class=\"wpcf7-form-control-wrap\" data-name=\"agb\"><span class=\"wpcf7-form-control wpcf7-acceptance\"><span class=\"wpcf7-list-item\"><input type=\"checkbox\" name=\"agb\" value=\"1\" aria-invalid=\"false\" \/><\/span><\/span><\/span> (*) J'ai lu et j'accepte les <a href=\"https:\/\/www.sprachschule-aktiv-kaiserslautern.de\/allgemeine-geschaftsbedingungen\/\" target=\"_blank\">conditions l\u00e9gales<\/a> et la <a href=\"https:\/\/www.sprachschule-aktiv-kaiserslautern.de\/datenschutzerklarung\/\" target=\"_blank\">politique de confidentialit\u00e9 des donn\u00e9es<\/a>.\n\t<\/p>\n<\/div>\n<p><input class=\"wpcf7-form-control wpcf7-submit has-spinner fullwidth\" type=\"submit\" value=\"ENVOYER\" \/>\n<\/p><div class=\"wpcf7-response-output\" aria-hidden=\"true\"><\/div>\n<\/form>\n<\/div>\n[\/vc_column_text][\/vc_column][\/vc_row]<\/p>\n","protected":false},"excerpt":{"rendered":"<p>[vc_row css=&#8221;.vc_custom_1601720229418{margin-top: 50px !important;}&#8221;][vc_column][vc_column_text] S\u00e9lection de cours diversifi\u00e9e &#8211; dirig\u00e9e par des professeurs de langue maternelle [\/vc_column_text][\/vc_column][\/vc_row][vc_row css=&#8221;.vc_custom_1601725129269{margin-top: 40px !important;}&#8221;][vc_column width=&#8221;1\/3&#8243;][vc_icon icon_fontawesome=&#8221;fas fa-map-marker-alt&#8221; color=&#8221;juicy_pink&#8221; background_style=&#8221;boxed&#8221; size=&#8221;lg&#8221; align=&#8221;center&#8221;][vc_column_text css=&#8221;.vc_custom_1608044774845{margin-top: 0px !important;}&#8221;] Adresse Pariser Stra\u00dfe 62, 67655 Kaiserslautern [\/vc_column_text][\/vc_column][vc_column width=&#8221;1\/3&#8243;][vc_icon icon_fontawesome=&#8221;fas fa-phone-alt&#8221; color=&#8221;juicy_pink&#8221; background_style=&#8221;boxed&#8221; size=&#8221;lg&#8221; align=&#8221;center&#8221;][vc_column_text css=&#8221;.vc_custom_1634192338947{margin-top: 0px !important;}&#8221;] T\u00e9l\u00e9phone \/ WhatsApp +49 1512 3982453 \u00a0[\/vc_column_text][\/vc_column][vc_column width=&#8221;1\/3&#8243;][vc_icon&hellip; <a class=\"read-more\" href=\"https:\/\/www.sprachschule-aktiv-kaiserslautern.de\/fr\/contactez-nous\/\" title=\"Read Formulaire de contact &#8211; Sprachschule Aktiv Kaiserslautern\">Read more &raquo;<\/a><\/p>\n","protected":false},"author":1,"featured_media":0,"parent":0,"menu_order":0,"comment_status":"closed","ping_status":"closed","template":"","meta":{"footnotes":""},"class_list":["post-984","page","type-page","status-publish","hentry"],"yoast_head":"<!-- This site is optimized with the Yoast SEO plugin v27.2 - https:\/\/yoast.com\/product\/yoast-seo-wordpress\/ -->\n<title>Formulaire de contact - Sprachschule Aktiv Kaiserslautern<\/title>\n<meta name=\"description\" content=\"Contactez-nous maintenant gratuitement et sans engagement. Nous r\u00e9pondrons \u00e0 votre demande dans les plus brefs d\u00e9lais.\" \/>\n<meta name=\"robots\" content=\"index, follow, max-snippet:-1, max-image-preview:large, max-video-preview:-1\" \/>\n<link rel=\"canonical\" href=\"https:\/\/www.sprachschule-aktiv-kaiserslautern.de\/fr\/contactez-nous\/\" \/>\n<meta property=\"og:locale\" content=\"fr_FR\" \/>\n<meta property=\"og:type\" content=\"article\" \/>\n<meta property=\"og:title\" content=\"Formulaire de contact - Sprachschule Aktiv Kaiserslautern\" \/>\n<meta property=\"og:description\" content=\"Contactez-nous maintenant gratuitement et sans engagement. Nous r\u00e9pondrons \u00e0 votre demande dans les plus brefs d\u00e9lais.\" \/>\n<meta property=\"og:url\" content=\"https:\/\/www.sprachschule-aktiv-kaiserslautern.de\/fr\/contactez-nous\/\" \/>\n<meta property=\"article:modified_time\" content=\"2021-10-14T06:19:02+00:00\" \/>\n<meta name=\"twitter:card\" content=\"summary_large_image\" \/>\n<meta name=\"twitter:label1\" content=\"Dur\u00e9e de lecture estim\u00e9e\" \/>\n\t<meta name=\"twitter:data1\" content=\"1 minute\" \/>\n<script type=\"application\/ld+json\" class=\"yoast-schema-graph\">{\"@context\":\"https:\/\/schema.org\",\"@graph\":[{\"@type\":\"WebPage\",\"@id\":\"https:\/\/www.sprachschule-aktiv-kaiserslautern.de\/fr\/contactez-nous\/\",\"url\":\"https:\/\/www.sprachschule-aktiv-kaiserslautern.de\/fr\/contactez-nous\/\",\"name\":\"Formulaire de contact - Sprachschule Aktiv Kaiserslautern\",\"isPartOf\":{\"@id\":\"https:\/\/www.sprachschule-aktiv-kaiserslautern.de\/#website\"},\"datePublished\":\"2020-10-03T11:29:30+00:00\",\"dateModified\":\"2021-10-14T06:19:02+00:00\",\"description\":\"Contactez-nous maintenant gratuitement et sans engagement. Nous r\u00e9pondrons \u00e0 votre demande dans les plus brefs d\u00e9lais.\",\"breadcrumb\":{\"@id\":\"https:\/\/www.sprachschule-aktiv-kaiserslautern.de\/fr\/contactez-nous\/#breadcrumb\"},\"inLanguage\":\"fr-FR\",\"potentialAction\":[{\"@type\":\"ReadAction\",\"target\":[\"https:\/\/www.sprachschule-aktiv-kaiserslautern.de\/fr\/contactez-nous\/\"]}]},{\"@type\":\"BreadcrumbList\",\"@id\":\"https:\/\/www.sprachschule-aktiv-kaiserslautern.de\/fr\/contactez-nous\/#breadcrumb\",\"itemListElement\":[{\"@type\":\"ListItem\",\"position\":1,\"name\":\"Portada\",\"item\":\"https:\/\/www.sprachschule-aktiv-kaiserslautern.de\/fr\/\"},{\"@type\":\"ListItem\",\"position\":2,\"name\":\"Formulaire de contact &#8211; Sprachschule Aktiv Kaiserslautern\"}]},{\"@type\":\"WebSite\",\"@id\":\"https:\/\/www.sprachschule-aktiv-kaiserslautern.de\/#website\",\"url\":\"https:\/\/www.sprachschule-aktiv-kaiserslautern.de\/\",\"name\":\"\",\"description\":\"\",\"potentialAction\":[{\"@type\":\"SearchAction\",\"target\":{\"@type\":\"EntryPoint\",\"urlTemplate\":\"https:\/\/www.sprachschule-aktiv-kaiserslautern.de\/?s={search_term_string}\"},\"query-input\":{\"@type\":\"PropertyValueSpecification\",\"valueRequired\":true,\"valueName\":\"search_term_string\"}}],\"inLanguage\":\"fr-FR\"}]}<\/script>\n<!-- \/ Yoast SEO plugin. -->","yoast_head_json":{"title":"Formulaire de contact - Sprachschule Aktiv Kaiserslautern","description":"Contactez-nous maintenant gratuitement et sans engagement. Nous r\u00e9pondrons \u00e0 votre demande dans les plus brefs d\u00e9lais.","robots":{"index":"index","follow":"follow","max-snippet":"max-snippet:-1","max-image-preview":"max-image-preview:large","max-video-preview":"max-video-preview:-1"},"canonical":"https:\/\/www.sprachschule-aktiv-kaiserslautern.de\/fr\/contactez-nous\/","og_locale":"fr_FR","og_type":"article","og_title":"Formulaire de contact - Sprachschule Aktiv Kaiserslautern","og_description":"Contactez-nous maintenant gratuitement et sans engagement. Nous r\u00e9pondrons \u00e0 votre demande dans les plus brefs d\u00e9lais.","og_url":"https:\/\/www.sprachschule-aktiv-kaiserslautern.de\/fr\/contactez-nous\/","article_modified_time":"2021-10-14T06:19:02+00:00","twitter_card":"summary_large_image","twitter_misc":{"Dur\u00e9e de lecture estim\u00e9e":"1 minute"},"schema":{"@context":"https:\/\/schema.org","@graph":[{"@type":"WebPage","@id":"https:\/\/www.sprachschule-aktiv-kaiserslautern.de\/fr\/contactez-nous\/","url":"https:\/\/www.sprachschule-aktiv-kaiserslautern.de\/fr\/contactez-nous\/","name":"Formulaire de contact - Sprachschule Aktiv Kaiserslautern","isPartOf":{"@id":"https:\/\/www.sprachschule-aktiv-kaiserslautern.de\/#website"},"datePublished":"2020-10-03T11:29:30+00:00","dateModified":"2021-10-14T06:19:02+00:00","description":"Contactez-nous maintenant gratuitement et sans engagement. Nous r\u00e9pondrons \u00e0 votre demande dans les plus brefs d\u00e9lais.","breadcrumb":{"@id":"https:\/\/www.sprachschule-aktiv-kaiserslautern.de\/fr\/contactez-nous\/#breadcrumb"},"inLanguage":"fr-FR","potentialAction":[{"@type":"ReadAction","target":["https:\/\/www.sprachschule-aktiv-kaiserslautern.de\/fr\/contactez-nous\/"]}]},{"@type":"BreadcrumbList","@id":"https:\/\/www.sprachschule-aktiv-kaiserslautern.de\/fr\/contactez-nous\/#breadcrumb","itemListElement":[{"@type":"ListItem","position":1,"name":"Portada","item":"https:\/\/www.sprachschule-aktiv-kaiserslautern.de\/fr\/"},{"@type":"ListItem","position":2,"name":"Formulaire de contact &#8211; Sprachschule Aktiv Kaiserslautern"}]},{"@type":"WebSite","@id":"https:\/\/www.sprachschule-aktiv-kaiserslautern.de\/#website","url":"https:\/\/www.sprachschule-aktiv-kaiserslautern.de\/","name":"","description":"","potentialAction":[{"@type":"SearchAction","target":{"@type":"EntryPoint","urlTemplate":"https:\/\/www.sprachschule-aktiv-kaiserslautern.de\/?s={search_term_string}"},"query-input":{"@type":"PropertyValueSpecification","valueRequired":true,"valueName":"search_term_string"}}],"inLanguage":"fr-FR"}]}},"_links":{"self":[{"href":"https:\/\/www.sprachschule-aktiv-kaiserslautern.de\/fr\/wp-json\/wp\/v2\/pages\/984","targetHints":{"allow":["GET"]}}],"collection":[{"href":"https:\/\/www.sprachschule-aktiv-kaiserslautern.de\/fr\/wp-json\/wp\/v2\/pages"}],"about":[{"href":"https:\/\/www.sprachschule-aktiv-kaiserslautern.de\/fr\/wp-json\/wp\/v2\/types\/page"}],"author":[{"embeddable":true,"href":"https:\/\/www.sprachschule-aktiv-kaiserslautern.de\/fr\/wp-json\/wp\/v2\/users\/1"}],"replies":[{"embeddable":true,"href":"https:\/\/www.sprachschule-aktiv-kaiserslautern.de\/fr\/wp-json\/wp\/v2\/comments?post=984"}],"version-history":[{"count":7,"href":"https:\/\/www.sprachschule-aktiv-kaiserslautern.de\/fr\/wp-json\/wp\/v2\/pages\/984\/revisions"}],"predecessor-version":[{"id":1549,"href":"https:\/\/www.sprachschule-aktiv-kaiserslautern.de\/fr\/wp-json\/wp\/v2\/pages\/984\/revisions\/1549"}],"wp:attachment":[{"href":"https:\/\/www.sprachschule-aktiv-kaiserslautern.de\/fr\/wp-json\/wp\/v2\/media?parent=984"}],"curies":[{"name":"wp","href":"https:\/\/api.w.org\/{rel}","templated":true}]}}