{"id":971,"date":"2020-10-01T08:34:42","date_gmt":"2020-10-01T06:34:42","guid":{"rendered":"https:\/\/www.sprachschule-aktiv-kaiserslautern.de\/das-neue-museum-oeffnet-seine-tueren-2\/"},"modified":"2021-08-02T10:58:28","modified_gmt":"2021-08-02T08:58:28","slug":"das-neue-museum-oeffnet-seine-tueren-2","status":"publish","type":"page","link":"https:\/\/www.sprachschule-aktiv-kaiserslautern.de\/fr\/","title":{"rendered":"Sprachschule Kaiserslautern"},"content":{"rendered":"<p>[vc_row full_width=&#8221;stretch_row_content_no_spaces&#8221;][vc_column][vc_single_image image=&#8221;1000&#8243; img_size=&#8221;full&#8221;][\/vc_column][\/vc_row][vc_row css=&#8221;.vc_custom_1601988372008{margin-top: 30px !important;}&#8221;][vc_column][vc_column_text]<\/p>\n<h1 style=\"text-align: center;\">Cours d&#8217;allemand \u00e0 Kaiserslautern &#8211; Apprendre l&#8217;allemand &#8211; Ecole de langues Aktiv<\/h1>\n<p>[\/vc_column_text][vc_separator el_width=&#8221;40&#8243;][\/vc_column][\/vc_row][vc_row css=&#8221;.vc_custom_1601725514898{margin-top: 30px !important;}&#8221;][vc_column width=&#8221;1\/2&#8243;][vc_single_image image=&#8221;978&#8243; img_size=&#8221;full&#8221; alignment=&#8221;center&#8221; style=&#8221;vc_box_outline&#8221; css_animation=&#8221;none&#8221;][\/vc_column][vc_column width=&#8221;1\/2&#8243;][vc_column_text]Vous souhaitez apprendre la langue allemande de mani\u00e8re tr\u00e8s efficace et professionnelle ? L&#8217;\u00e9cole de langues Aktiv \u00e0 Kaiserslautern vous aide \u00e0 apprendre cette langue avec succ\u00e8s. Nous vous proposons un ensemble de services distincts autour de votre cours d&#8217;allemand &#8211; une le\u00e7on d&#8217;essai gratuite, une garantie de remboursement, des professeurs natifs form\u00e9s et un programme de loisirs passionnant. Ce faisant, vous apprendrez \u00e0 conna\u00eetre les environs, la ville elle-m\u00eame et bien s\u00fbr ses habitants.[\/vc_column_text]\t<div class=\"vc_btn3-container vc_btn3-left\">\n\t\t<a href=\"https:\/\/www.sprachschule-aktiv-kaiserslautern.de\/fr\/contactez-nous\/\" class=\"pgs_btn pgs_btn_style_1 pgs_btn_xl\">\n\t\t\t<span>\n\t\t\t\tContactez-nous\t\t\t<\/span>\n\t\t\t\t\t\t<i class=\"fas fa-arrow-circle-right\"><\/i>\n\t\t\t\t\t<\/a>\n\t<\/div>\n\t[vc_column_text]<\/p>\n<h2>Cours d&#8217;allemand \u00e0 Kaiserslautern pour tous les niveaux A1, A2, B1, B2, C1, C2<\/h2>\n<p>[\/vc_column_text][vc_column_text]Nos cours d&#8217;allemand sont divis\u00e9s en plusieurs niveaux A1, A2, B1, B2, C1, C2 selon le Cadre europ\u00e9en commun de r\u00e9f\u00e9rence pour les langues. Vous pouvez d\u00e9couvrir le niveau qui vous convient en passant nos tests de classement gratuits. Ils sont disponibles gratuitement sur notre site web. Toutefois, si vous souhaitez conna\u00eetre votre niveau de langue en allemand dans le cadre d&#8217;une conversation personnelle, il vous suffit de passer et nous effectuerons avec vous un test appropri\u00e9.[\/vc_column_text][\/vc_column][\/vc_row][vc_row full_width=&#8221;stretch_row&#8221; css=&#8221;.vc_custom_1601716611211{margin-top: 30px !important;background-color: #f8f8f8 !important;}&#8221;][vc_column][vc_column_text]<\/p>\n<h2>Cours d&#8217;allemand intensif \u00e0 Kaiserlautern &#8211; du lundi au vendredi<\/h2>\n\n<table id=\"tablepress-7\" class=\"tablepress tablepress-id-7\">\n<thead>\n<tr class=\"row-1\">\n\t<th class=\"column-1\">Cours d\u00b4allemand intensif<\/th><th class=\"column-2\">D\u00e9but du cours<\/th><td class=\"column-3\"><\/td><th class=\"column-4\">Jour<\/th><th class=\"column-5\">\tTemps<\/th>\n<\/tr>\n<\/thead>\n<tbody class=\"row-striping row-hover\">\n<tr class=\"row-2\">\n\t<td class=\"column-1\">Janvier<\/td><td class=\"column-2\">04\/01\/2021<\/td><td class=\"column-3\">actuellement, uniquement des cours en ligne<\/td><td class=\"column-4\">Du lundi au vendredi<\/td><td class=\"column-5\">9:00 - 12:00 ou 18:00 - 21:00<\/td>\n<\/tr>\n<tr class=\"row-3\">\n\t<td class=\"column-1\">F\u00e9vrier<\/td><td class=\"column-2\">01\/02\/2021<\/td><td class=\"column-3\">actuellement, uniquement des cours en ligne<\/td><td class=\"column-4\">Du lundi au vendredi<\/td><td class=\"column-5\">9:00 - 12:00 ou 18:00 - 21:00<\/td>\n<\/tr>\n<tr class=\"row-4\">\n\t<td class=\"column-1\">Mars<\/td><td class=\"column-2\">01\/03\/2021<\/td><td class=\"column-3\">actuellement, uniquement des cours en ligne<\/td><td class=\"column-4\">Du lundi au vendredi<\/td><td class=\"column-5\">9:00 - 12:00 ou 18:00 - 21:00<\/td>\n<\/tr>\n<tr class=\"row-5\">\n\t<td class=\"column-1\">Avril<\/td><td class=\"column-2\">06\/04\/2021<\/td><td class=\"column-3\">actuellement, uniquement des cours en ligne<\/td><td class=\"column-4\">Du lundi au vendredi<\/td><td class=\"column-5\">9:00 - 12:00 ou 18:00 - 21:00<\/td>\n<\/tr>\n<tr class=\"row-6\">\n\t<td class=\"column-1\">Mai<\/td><td class=\"column-2\">03\/05\/2021<\/td><td class=\"column-3\">actuellement, uniquement des cours en ligne<\/td><td class=\"column-4\">Du lundi au vendredi<\/td><td class=\"column-5\">9:00 - 12:00 ou 18:00 - 21:00<\/td>\n<\/tr>\n<tr class=\"row-7\">\n\t<td class=\"column-1\">Juin<\/td><td class=\"column-2\">07\/06\/2021<\/td><td class=\"column-3\">actuellement, uniquement des cours en ligne<\/td><td class=\"column-4\">Du lundi au vendredi<\/td><td class=\"column-5\">9:00 - 12:00 ou 18:00 - 21:00<\/td>\n<\/tr>\n<tr class=\"row-8\">\n\t<td class=\"column-1\">Juillet<\/td><td class=\"column-2\">05\/07\/2021<\/td><td class=\"column-3\">actuellement, uniquement des cours en ligne<\/td><td class=\"column-4\">Du lundi au vendredi<\/td><td class=\"column-5\">9:00 - 12:00 ou 18:00 - 21:00<\/td>\n<\/tr>\n<tr class=\"row-9\">\n\t<td class=\"column-1\">Ao\u00fbt<br \/>\nGroupe A1.1<br \/>\nGroupe B1.1<br \/>\nGroupe C1.1<\/td><td class=\"column-2\">02\/08\/2021<br \/>\n\u00e0<br \/>\n27\/08\/2021<br \/>\n<\/td><td class=\"column-3\"><\/td><td class=\"column-4\">Du lundi au vendredi<\/td><td class=\"column-5\">9:00 - 12:00 ou 18:00 - 21:00<\/td>\n<\/tr>\n<tr class=\"row-10\">\n\t<td class=\"column-1\">Septembre<br \/>\nGroupe A1.2<br \/>\nGroupe B1.2<br \/>\nGroupe C1.2<\/td><td class=\"column-2\">06\/09\/2021<br \/>\n\u00e0<br \/>\n01\/10\/2021<br \/>\n<\/td><td class=\"column-3\"><\/td><td class=\"column-4\">Du lundi au vendredi<\/td><td class=\"column-5\">9:00 - 12:00 ou 18:00 - 21:00<\/td>\n<\/tr>\n<tr class=\"row-11\">\n\t<td class=\"column-1\">Octobre<br \/>\nGroupe A2.1<br \/>\nGroupe B2.1<\/td><td class=\"column-2\">04\/10\/2021<br \/>\n\u00e0<br \/>\n29\/10\/2021<br \/>\n<\/td><td class=\"column-3\"><\/td><td class=\"column-4\">Du lundi au vendredi<\/td><td class=\"column-5\">9:00 - 12:00 ou 18:00 - 21:00<\/td>\n<\/tr>\n<tr class=\"row-12\">\n\t<td class=\"column-1\">Novembre<br \/>\nGroupe A2.2<br \/>\nGroupe B2.2<br \/>\n<\/td><td class=\"column-2\">02\/11\/2021<br \/>\n\u00e0<br \/>\n26\/11\/2021<\/td><td class=\"column-3\"><\/td><td class=\"column-4\">Du lundi au vendredi<\/td><td class=\"column-5\">9:00 - 12:00 ou 18:00 - 21:00<\/td>\n<\/tr>\n<tr class=\"row-13\">\n\t<td class=\"column-1\">D\u00e9cembre<br \/>\nGroupe A1.1<br \/>\nGroupe B1.1<br \/>\nGroupe C1.1<\/td><td class=\"column-2\">29\/11\/2021<br \/>\n\u00e0<br \/>\n17\/12\/2021<\/td><td class=\"column-3\"><\/td><td class=\"column-4\">Du lundi au vendredi<\/td><td class=\"column-5\">9:00 - 12:00 ou 18:00 - 21:00<\/td>\n<\/tr>\n<tr class=\"row-14\">\n\t<td class=\"column-1\">Janvier 2022<br \/>\nGroupe A1.2<br \/>\nGroupe B1.2<br \/>\nGroupe C1.2<br \/>\n<\/td><td class=\"column-2\">10\/01\/2022<br \/>\n\u00e0<br \/>\n04\/02\/2021<\/td><td class=\"column-3\"><\/td><td class=\"column-4\">Du lundi au vendredi<\/td><td class=\"column-5\">9:00 - 12:00 ou 18:00 - 21:00<\/td>\n<\/tr>\n<tr class=\"row-15\">\n\t<td class=\"column-1\">F\u00e9vrier<br \/>\nGroupe A2.1<br \/>\nGroupe B2.1<br \/>\n<br \/>\n<br \/>\n<\/td><td class=\"column-2\">07\/02\/2022<br \/>\n\u00e0<br \/>\n04\/03\/2021<\/td><td class=\"column-3\"><\/td><td class=\"column-4\">Du lundi au vendredi<\/td><td class=\"column-5\">9:00 - 12:00 ou 18:00 - 21:00<\/td>\n<\/tr>\n<tr class=\"row-16\">\n\t<td class=\"column-1\">Dur\u00e9e<\/td><td class=\"column-2\">4 semaines ou plus<\/td><td class=\"column-3\"><\/td><td class=\"column-4\"><\/td><td class=\"column-5\"><\/td>\n<\/tr>\n<tr class=\"row-17\">\n\t<td class=\"column-1\">Niveaux d'apprentissage<\/td><td class=\"column-2\">A1, A2, B1, B2, C1, C2 <\/td><td class=\"column-3\"><\/td><td class=\"column-4\"><\/td><td class=\"column-5\"><\/td>\n<\/tr>\n<tr class=\"row-18\">\n\t<td class=\"column-1\">Prix<\/td><td class=\"column-2\">489 EUR <\/td><td class=\"column-3\"><\/td><td class=\"column-4\"><\/td><td class=\"column-5\"><\/td>\n<\/tr>\n<\/tbody>\n<\/table>\n<!-- #tablepress-7 from cache -->\n<p>Date de d\u00e9but : premier lundi du mois<br \/>\nPrix: 489 EUR[\/vc_column_text][\/vc_column][\/vc_row][vc_row full_width=&#8221;stretch_row&#8221; css=&#8221;.vc_custom_1608719209296{margin-top: 30px !important;}&#8221;][vc_column][vc_column_text]<\/p>\n<h2>Quel type de cours pr\u00e9f\u00e9rez-vous ? Cours intensifs, priv\u00e9s, du soir et en entreprise<\/h2>\n<p>[\/vc_column_text][vc_row_inner][vc_column_inner width=&#8221;1\/2&#8243;][vc_column_text]Notre institut de langues \u00e0 Kaiserslautern vous propose diff\u00e9rents mod\u00e8les de cours. Il s&#8217;agit de cours intensifs de 20 heures par semaine, de cours du soir de deux heures par semaine, ainsi que de cours en entreprise et de cours particuliers, dont vous pouvez choisir les heures et les dates individuellement.[\/vc_column_text]\t<div class=\"vc_btn3-container vc_btn3-inline\">\n\t\t<a href=\"https:\/\/www.sprachschule-aktiv-kaiserslautern.de\/fr\/enregistrement\/\" class=\"pgs_btn pgs_btn_style_1 pgs_btn_lg\">\n\t\t\t<span>\n\t\t\t\tS&#039;inscrire maintenant!\t\t\t<\/span>\n\t\t\t\t\t\t<i class=\"fas fa-angle-double-right\"><\/i>\n\t\t\t\t\t<\/a>\n\t<\/div>\n\t[\/vc_column_inner][vc_column_inner width=&#8221;1\/2&#8243;][vc_column_text]<iframe src=\"https:\/\/www.youtube.com\/embed\/sPL_9gQjOzk\" width=\"560\" height=\"315\" frameborder=\"0\" allowfullscreen=\"allowfullscreen\"><\/iframe>[\/vc_column_text][\/vc_column_inner][\/vc_row_inner][vc_column_text]<\/p>\n<h2>La qualit\u00e9 de l&#8217;apprentissage de l&#8217;allemand gr\u00e2ce \u00e0 un soutien intensif<\/h2>\n<p>Chez nous, vous n&#8217;\u00eates pas assis dans une grande salle pouvant accueillir jusqu&#8217;\u00e0 30 participants, vous travaillez pas \u00e0 pas sur des sujets de grammaire individuels. Notre institut est connu pour introduire une dynamique particuli\u00e8re dans l&#8217;enseignement afin de transmettre diff\u00e9rents domaines de mani\u00e8re interactive aux participants et d&#8217;\u00e9lever le soutien des clients individuels au plus haut niveau. Bien entendu, cela ne fonctionne que si les cours sont dispens\u00e9s en petits groupes. C&#8217;est pourquoi nous avons limit\u00e9 \u00e0 10 le nombre d&#8217;\u00e9leves \u00e0 chaque de cours.[\/vc_column_text][\/vc_column][\/vc_row][vc_row full_width=&#8221;stretch_row&#8221; css=&#8221;.vc_custom_1608719233253{margin-top: 30px !important;background-color: #f8f8f8 !important;}&#8221;][vc_column][vc_column_text]<\/p>\n<h2>Apprendre l&#8217;allemand \u00e0 Kaiserslautern avec une le\u00e7on d&#8217;essai gratuite<\/h2>\n<p>En r\u00e9servant un cours d&#8217;allemand \u00e0 la Sprachschule Aktiv de Kaiserslautern, vous ne perdez pas d&#8217;argent si vous avez fait une inscription parce que vous pouvez tester votre cours d&#8217;allemand \u00e0 l&#8217;avance avec une le\u00e7on d&#8217;essai gratuite. En outre, vous \u00eates libre de demander le remboursement de vos frais de cours si vous r\u00e9alisez que vous n&#8217;\u00eates pas satisfait de notre service. Dans ce cas, veuillez contacter notre \u00e9quipe de service, qui se fera un plaisir de vous transf\u00e9rer vos frais de cours.[\/vc_column_text][\/vc_column][\/vc_row]<\/p>\n","protected":false},"excerpt":{"rendered":"<p>[vc_row full_width=&#8221;stretch_row_content_no_spaces&#8221;][vc_column][vc_single_image image=&#8221;1000&#8243; img_size=&#8221;full&#8221;][\/vc_column][\/vc_row][vc_row css=&#8221;.vc_custom_1601988372008{margin-top: 30px !important;}&#8221;][vc_column][vc_column_text] Cours d&#8217;allemand \u00e0 Kaiserslautern &#8211; Apprendre l&#8217;allemand &#8211; Ecole de langues Aktiv [\/vc_column_text][vc_separator el_width=&#8221;40&#8243;][\/vc_column][\/vc_row][vc_row css=&#8221;.vc_custom_1601725514898{margin-top: 30px !important;}&#8221;][vc_column width=&#8221;1\/2&#8243;][vc_single_image image=&#8221;978&#8243; img_size=&#8221;full&#8221; alignment=&#8221;center&#8221; style=&#8221;vc_box_outline&#8221; css_animation=&#8221;none&#8221;][\/vc_column][vc_column width=&#8221;1\/2&#8243;][vc_column_text]Vous souhaitez apprendre la langue allemande de mani\u00e8re tr\u00e8s efficace et professionnelle ? L&#8217;\u00e9cole de langues Aktiv \u00e0 Kaiserslautern vous aide \u00e0 apprendre cette langue&hellip; <a class=\"read-more\" href=\"https:\/\/www.sprachschule-aktiv-kaiserslautern.de\/fr\/\" title=\"Read Sprachschule Kaiserslautern\">Read more &raquo;<\/a><\/p>\n","protected":false},"author":1,"featured_media":0,"parent":0,"menu_order":0,"comment_status":"closed","ping_status":"closed","template":"","meta":{"footnotes":""},"class_list":["post-971","page","type-page","status-publish","hentry"],"yoast_head":"<!-- This site is optimized with the Yoast SEO plugin v27.2 - https:\/\/yoast.com\/product\/yoast-seo-wordpress\/ -->\n<title>Cours d&#039;allemand \u00e0 Kaiserslautern - Apprendre l&#039;allemand<\/title>\n<meta name=\"description\" content=\"Dans l&#039;\u00e9cole de langues Aktiv \u00e0 Kaiserslautern, nous proposons des cours de langue pour l&#039;allemand et les langues \u00e9trang\u00e8res. Cours du matin et du soir.\" \/>\n<meta name=\"robots\" content=\"index, follow, max-snippet:-1, max-image-preview:large, max-video-preview:-1\" \/>\n<link rel=\"canonical\" href=\"https:\/\/www.sprachschule-aktiv-kaiserslautern.de\/fr\/\" \/>\n<meta property=\"og:locale\" content=\"fr_FR\" \/>\n<meta property=\"og:type\" content=\"article\" \/>\n<meta property=\"og:title\" content=\"Cours d&#039;allemand \u00e0 Kaiserslautern - Apprendre l&#039;allemand\" \/>\n<meta property=\"og:description\" content=\"Dans l&#039;\u00e9cole de langues Aktiv \u00e0 Kaiserslautern, nous proposons des cours de langue pour l&#039;allemand et les langues \u00e9trang\u00e8res. Cours du matin et du soir.\" \/>\n<meta property=\"og:url\" content=\"https:\/\/www.sprachschule-aktiv-kaiserslautern.de\/fr\/\" \/>\n<meta property=\"article:modified_time\" content=\"2021-08-02T08:58:28+00:00\" \/>\n<meta name=\"twitter:card\" content=\"summary_large_image\" \/>\n<meta name=\"twitter:label1\" content=\"Dur\u00e9e de lecture estim\u00e9e\" \/>\n\t<meta name=\"twitter:data1\" content=\"3 minutes\" \/>\n<script type=\"application\/ld+json\" class=\"yoast-schema-graph\">{\"@context\":\"https:\/\/schema.org\",\"@graph\":[{\"@type\":\"WebPage\",\"@id\":\"https:\/\/www.sprachschule-aktiv-kaiserslautern.de\/fr\/\",\"url\":\"https:\/\/www.sprachschule-aktiv-kaiserslautern.de\/fr\/\",\"name\":\"Cours d'allemand \u00e0 Kaiserslautern - Apprendre l'allemand\",\"isPartOf\":{\"@id\":\"https:\/\/www.sprachschule-aktiv-kaiserslautern.de\/#website\"},\"datePublished\":\"2020-10-01T06:34:42+00:00\",\"dateModified\":\"2021-08-02T08:58:28+00:00\",\"description\":\"Dans l'\u00e9cole de langues Aktiv \u00e0 Kaiserslautern, nous proposons des cours de langue pour l'allemand et les langues \u00e9trang\u00e8res. Cours du matin et du soir.\",\"breadcrumb\":{\"@id\":\"https:\/\/www.sprachschule-aktiv-kaiserslautern.de\/fr\/#breadcrumb\"},\"inLanguage\":\"fr-FR\",\"potentialAction\":[{\"@type\":\"ReadAction\",\"target\":[\"https:\/\/www.sprachschule-aktiv-kaiserslautern.de\/fr\/\"]}]},{\"@type\":\"BreadcrumbList\",\"@id\":\"https:\/\/www.sprachschule-aktiv-kaiserslautern.de\/fr\/#breadcrumb\",\"itemListElement\":[{\"@type\":\"ListItem\",\"position\":1,\"name\":\"Portada\",\"item\":\"https:\/\/www.sprachschule-aktiv-kaiserslautern.de\/fr\/\"},{\"@type\":\"ListItem\",\"position\":2,\"name\":\"Sprachschule Kaiserslautern\"}]},{\"@type\":\"WebSite\",\"@id\":\"https:\/\/www.sprachschule-aktiv-kaiserslautern.de\/#website\",\"url\":\"https:\/\/www.sprachschule-aktiv-kaiserslautern.de\/\",\"name\":\"\",\"description\":\"\",\"potentialAction\":[{\"@type\":\"SearchAction\",\"target\":{\"@type\":\"EntryPoint\",\"urlTemplate\":\"https:\/\/www.sprachschule-aktiv-kaiserslautern.de\/?s={search_term_string}\"},\"query-input\":{\"@type\":\"PropertyValueSpecification\",\"valueRequired\":true,\"valueName\":\"search_term_string\"}}],\"inLanguage\":\"fr-FR\"}]}<\/script>\n<!-- \/ Yoast SEO plugin. -->","yoast_head_json":{"title":"Cours d'allemand \u00e0 Kaiserslautern - Apprendre l'allemand","description":"Dans l'\u00e9cole de langues Aktiv \u00e0 Kaiserslautern, nous proposons des cours de langue pour l'allemand et les langues \u00e9trang\u00e8res. Cours du matin et du soir.","robots":{"index":"index","follow":"follow","max-snippet":"max-snippet:-1","max-image-preview":"max-image-preview:large","max-video-preview":"max-video-preview:-1"},"canonical":"https:\/\/www.sprachschule-aktiv-kaiserslautern.de\/fr\/","og_locale":"fr_FR","og_type":"article","og_title":"Cours d'allemand \u00e0 Kaiserslautern - Apprendre l'allemand","og_description":"Dans l'\u00e9cole de langues Aktiv \u00e0 Kaiserslautern, nous proposons des cours de langue pour l'allemand et les langues \u00e9trang\u00e8res. Cours du matin et du soir.","og_url":"https:\/\/www.sprachschule-aktiv-kaiserslautern.de\/fr\/","article_modified_time":"2021-08-02T08:58:28+00:00","twitter_card":"summary_large_image","twitter_misc":{"Dur\u00e9e de lecture estim\u00e9e":"3 minutes"},"schema":{"@context":"https:\/\/schema.org","@graph":[{"@type":"WebPage","@id":"https:\/\/www.sprachschule-aktiv-kaiserslautern.de\/fr\/","url":"https:\/\/www.sprachschule-aktiv-kaiserslautern.de\/fr\/","name":"Cours d'allemand \u00e0 Kaiserslautern - Apprendre l'allemand","isPartOf":{"@id":"https:\/\/www.sprachschule-aktiv-kaiserslautern.de\/#website"},"datePublished":"2020-10-01T06:34:42+00:00","dateModified":"2021-08-02T08:58:28+00:00","description":"Dans l'\u00e9cole de langues Aktiv \u00e0 Kaiserslautern, nous proposons des cours de langue pour l'allemand et les langues \u00e9trang\u00e8res. Cours du matin et du soir.","breadcrumb":{"@id":"https:\/\/www.sprachschule-aktiv-kaiserslautern.de\/fr\/#breadcrumb"},"inLanguage":"fr-FR","potentialAction":[{"@type":"ReadAction","target":["https:\/\/www.sprachschule-aktiv-kaiserslautern.de\/fr\/"]}]},{"@type":"BreadcrumbList","@id":"https:\/\/www.sprachschule-aktiv-kaiserslautern.de\/fr\/#breadcrumb","itemListElement":[{"@type":"ListItem","position":1,"name":"Portada","item":"https:\/\/www.sprachschule-aktiv-kaiserslautern.de\/fr\/"},{"@type":"ListItem","position":2,"name":"Sprachschule Kaiserslautern"}]},{"@type":"WebSite","@id":"https:\/\/www.sprachschule-aktiv-kaiserslautern.de\/#website","url":"https:\/\/www.sprachschule-aktiv-kaiserslautern.de\/","name":"","description":"","potentialAction":[{"@type":"SearchAction","target":{"@type":"EntryPoint","urlTemplate":"https:\/\/www.sprachschule-aktiv-kaiserslautern.de\/?s={search_term_string}"},"query-input":{"@type":"PropertyValueSpecification","valueRequired":true,"valueName":"search_term_string"}}],"inLanguage":"fr-FR"}]}},"_links":{"self":[{"href":"https:\/\/www.sprachschule-aktiv-kaiserslautern.de\/fr\/wp-json\/wp\/v2\/pages\/971","targetHints":{"allow":["GET"]}}],"collection":[{"href":"https:\/\/www.sprachschule-aktiv-kaiserslautern.de\/fr\/wp-json\/wp\/v2\/pages"}],"about":[{"href":"https:\/\/www.sprachschule-aktiv-kaiserslautern.de\/fr\/wp-json\/wp\/v2\/types\/page"}],"author":[{"embeddable":true,"href":"https:\/\/www.sprachschule-aktiv-kaiserslautern.de\/fr\/wp-json\/wp\/v2\/users\/1"}],"replies":[{"embeddable":true,"href":"https:\/\/www.sprachschule-aktiv-kaiserslautern.de\/fr\/wp-json\/wp\/v2\/comments?post=971"}],"version-history":[{"count":13,"href":"https:\/\/www.sprachschule-aktiv-kaiserslautern.de\/fr\/wp-json\/wp\/v2\/pages\/971\/revisions"}],"predecessor-version":[{"id":1527,"href":"https:\/\/www.sprachschule-aktiv-kaiserslautern.de\/fr\/wp-json\/wp\/v2\/pages\/971\/revisions\/1527"}],"wp:attachment":[{"href":"https:\/\/www.sprachschule-aktiv-kaiserslautern.de\/fr\/wp-json\/wp\/v2\/media?parent=971"}],"curies":[{"name":"wp","href":"https:\/\/api.w.org\/{rel}","templated":true}]}}